{"id":813,"date":"2020-10-07T16:37:46","date_gmt":"2020-10-07T16:37:46","guid":{"rendered":"https:\/\/amga.oncode.ca\/?page_id=813"},"modified":"2021-08-17T12:14:49","modified_gmt":"2021-08-17T17:14:49","slug":"catalogue-pour-entreprises","status":"publish","type":"page","link":"https:\/\/alimentsamga.com\/fr\/catalogue-pour-entreprises\/","title":{"rendered":"Catalogue pour les entreprises"},"content":{"rendered":"<div class=\"wpb-content-wrapper\"><p>[vc_section full_width=\u00a0\u00bbstretch_row\u00a0\u00bb el_id=\u00a0\u00bbsection-hero\u00a0\u00bb el_class=\u00a0\u00bbsection section-hero\u00a0\u00bb css=\u00a0\u00bb.vc_custom_1598631977519{background-image: url(https:\/\/alimentsamga.com\/wp-content\/uploads\/2020\/08\/newsletter-bg-1.jpg?id=129) !important;}\u00a0\u00bb][vc_row][vc_column][vc_empty_space height=\u00a0\u00bb80px\u00a0\u00bb][vc_column_text]<\/p>\n<h1 class=\"section-title section-title-light text-center\">Catalogue pour les entreprises et comptes commerciaux<\/h1>\n<p>[\/vc_column_text][vc_empty_space height=\u00a0\u00bb110px\u00a0\u00bb][\/vc_column][\/vc_row][\/vc_section][vc_section full_width=\u00a0\u00bbstretch_row\u00a0\u00bb el_id=\u00a0\u00bbsection-cta\u00a0\u00bb el_class=\u00a0\u00bbsection section-cta\u00a0\u00bb css=\u00a0\u00bb.vc_custom_1598632180629{background-color: #f0f0f0 !important;}\u00a0\u00bb][vc_row content_placement=\u00a0\u00bbmiddle\u00a0\u00bb][vc_column width=\u00a0\u00bb2\/3&Prime;][vc_column_text]<\/p>\n<h2>Des produits exceptionnels selon vos crit\u00e8res et besoins sp\u00e9cifiques<\/h2>\n<p>Chez AMGA, on est fiers de l\u2019excellence de nos produits, et on s\u2019efforce continuellement d\u2019\u00e9largir notre catalogue pour r\u00e9pondre \u00e0 vos besoins croissants.<br \/>\nOn offre du b\u0153uf de l\u2019ouest, des viandes double A et triple A, toujours vieillis \u00e0 la perfection. La volaille fra\u00eeche canadienne que nous s\u00e9lectionnons pour nos clients doit satisfaire nos crit\u00e8res de qualit\u00e9 rigoureux. Nous offrons \u00e9galement une gamme d\u2019autres produits, y compris les fruits de mer, la charcuterie et les produits laitier<\/p>\n<p>Acheter les produits frais et surgel\u00e9s chez AMGA devrait toujours \u00eatre une t\u00e2che facile. Vous trouverez tout ce dont AMGA peut offrir \u00e0 votre entreprise dans notre catalogue de produits. Des coupes sp\u00e9ciales et des emballages personnalis\u00e9s peuvent \u00eatre pr\u00e9par\u00e9s selon vos sp\u00e9cifications.<\/p>\n<p>Consultez notre catalogue en ligne ci-dessous ou le t\u00e9l\u00e9charger ici pour r\u00e9f\u00e9rence ult\u00e9rieure :<\/p>\n<p>[\/vc_column_text][vc_empty_space][\/vc_column][vc_column width=\u00a0\u00bb1\/3&Prime; el_class=\u00a0\u00bbright-col\u00a0\u00bb][vc_empty_space][vc_single_image image=\u00a0\u00bb318&Prime; img_size=\u00a0\u00bbfull\u00a0\u00bb alignment=\u00a0\u00bbcenter\u00a0\u00bb onclick=\u00a0\u00bbcustom_link\u00a0\u00bb link=\u00a0\u00bb\/wp-content\/uploads\/2020\/08\/Amga_Catalog_april2017_v07.pdf\u00a0\u00bb][vc_column_text]<\/p>\n<div class=\"btn-wrap\"><a class=\"btn btn-primary btn-lg\" href=\"\/wp-content\/uploads\/2020\/08\/Amga_Catalog_april2017_v07.pdf\">T\u00e9l\u00e9charger notre catalogue<\/a><\/div>\n<p>[\/vc_column_text][vc_empty_space][\/vc_column][\/vc_row][\/vc_section][vc_section el_id=\u00a0\u00bbsection-form\u00a0\u00bb el_class=\u00a0\u00bbsection section-form\u00a0\u00bb][vc_row][vc_column][vc_column_text]<\/p>\n<h2 class=\"section-title text-center\"><span class=\"Y2IQFc\" lang=\"fr\">Nouveau client?<\/span><\/h2>\n<p class=\"section-desc text-center\">T\u00e9l\u00e9chargez notre formulaire d&rsquo;application de client.<\/p>\n<p>[\/vc_column_text][vc_column_text]<\/p>\n<div class=\"btn-wrap\" style=\"text-align: center;\"><a class=\"btn btn-primary btn-lg\" href=\"https:\/\/alimentsamga.com\/wp-content\/uploads\/2021\/08\/Application-de-nouveau-clientfrancais.pdf\">T\u00e9l\u00e9charger<\/a><\/div>\n<p>[\/vc_column_text][\/vc_column][\/vc_row][vc_row][vc_column][vc_column_text]<\/p>\n<h2 class=\"section-title text-center\">Contactez-Nous<\/h2>\n<p class=\"section-desc text-center\">Vous avez besoin d\u2019un peu plus d\u2019informations ou vous \u00eates \u00e0 la recherche d\u2019un produit qui ne figure pas dans notre catalogue ? On est ici pour vous aider. Notre \u00e9quipe de service \u00e0 la client\u00e8le est disponible du lundi au vendredi, de 6h \u00e0 17h, et vous pouvez nous rejoindre au <strong>514-273-8848<\/strong> ou sans frais au <strong>1-877-304-5368<\/strong>.<\/p>\n<p>[\/vc_column_text]\n<div class=\"wpcf7 no-js\" id=\"wpcf7-f923-o1\" lang=\"en-US\" dir=\"ltr\" data-wpcf7-id=\"923\">\n<div class=\"screen-reader-response\"><p role=\"status\" aria-live=\"polite\" aria-atomic=\"true\"><\/p> <ul><\/ul><\/div>\n<form action=\"\/fr\/wp-json\/wp\/v2\/pages\/813#wpcf7-f923-o1\" method=\"post\" class=\"wpcf7-form init e0f6d3799fc1 cmatic-conn cmatic-aud-1 cmatic-mapd0-0 cmatic-v0978 cmatic-sent-0 cmatic-total-20\" aria-label=\"Contact form\" novalidate=\"novalidate\" data-status=\"init\">\n<fieldset class=\"hidden-fields-container\"><input type=\"hidden\" name=\"_wpcf7\" value=\"923\" \/><input type=\"hidden\" name=\"_wpcf7_version\" value=\"6.1.5\" \/><input type=\"hidden\" name=\"_wpcf7_locale\" value=\"en_US\" \/><input type=\"hidden\" name=\"_wpcf7_unit_tag\" value=\"wpcf7-f923-o1\" \/><input type=\"hidden\" name=\"_wpcf7_container_post\" value=\"0\" \/><input type=\"hidden\" name=\"_wpcf7_posted_data_hash\" value=\"\" \/><input type=\"hidden\" name=\"_wpcf7_recaptcha_response\" value=\"\" \/>\n<\/fieldset>\n<p><span class=\"wpcf7-form-control-wrap\" data-name=\"your-name\"><input size=\"40\" maxlength=\"400\" class=\"wpcf7-form-control wpcf7-text wpcf7-validates-as-required\" aria-required=\"true\" aria-invalid=\"false\" placeholder=\"Nom\" value=\"\" type=\"text\" name=\"your-name\" \/><\/span><br \/>\n<span class=\"wpcf7-form-control-wrap\" data-name=\"your-email\"><input size=\"40\" maxlength=\"400\" class=\"wpcf7-form-control wpcf7-email wpcf7-validates-as-required wpcf7-text wpcf7-validates-as-email\" aria-required=\"true\" aria-invalid=\"false\" placeholder=\"Courriel\" value=\"\" type=\"email\" name=\"your-email\" \/><\/span><br \/>\n<span class=\"wpcf7-form-control-wrap\" data-name=\"your-message\"><textarea cols=\"40\" rows=\"3\" maxlength=\"2000\" class=\"wpcf7-form-control wpcf7-textarea\" aria-invalid=\"false\" placeholder=\"Message\" name=\"your-message\"><\/textarea><\/span>\n<\/p>\n<div class=\"btn-wrap\">\n\t<p><input class=\"wpcf7-form-control wpcf7-submit has-spinner btn btn-primary\" type=\"submit\" value=\"Envoyer\" \/>\n\t<\/p>\n<\/div><input type='hidden' class='wpcf7-pum' value='{\"closepopup\":false,\"closedelay\":0,\"openpopup\":false,\"openpopup_id\":0}' \/><div class=\"wpcf7-response-output\" aria-hidden=\"true\"><\/div>\n<\/form>\n<\/div>\n[vc_empty_space height=\u00a0\u00bb90px\u00a0\u00bb][\/vc_column][\/vc_row][\/vc_section]<\/p>\n<\/div>","protected":false},"excerpt":{"rendered":" Catalogue pour les entreprises et comptes commerciaux  Des produits exceptionnels selon vos crit\u00e8res et besoins sp\u00e9cifiques Chez AMGA, on est fiers de l\u2019excellence de nos produits, et on s\u2019efforce continuellement d\u2019\u00e9largir notre catalogue pour r\u00e9pondre ","protected":false},"author":1,"featured_media":0,"parent":0,"menu_order":0,"comment_status":"closed","ping_status":"closed","template":"page-blank.php","meta":{"content-type":"","footnotes":""},"class_list":["post-813","page","type-page","status-publish","hentry"],"yoast_head":"<!-- This site is optimized with the Yoast SEO plugin v27.3 - https:\/\/yoast.com\/product\/yoast-seo-wordpress\/ -->\n<title>Catalogue pour les entreprises - AMGA<\/title>\n<meta name=\"robots\" content=\"index, follow, max-snippet:-1, max-image-preview:large, max-video-preview:-1\" \/>\n<link rel=\"canonical\" href=\"https:\/\/alimentsamga.com\/fr\/catalogue-pour-entreprises\/\" \/>\n<meta property=\"og:locale\" content=\"fr_FR\" \/>\n<meta property=\"og:type\" content=\"article\" \/>\n<meta property=\"og:title\" content=\"Catalogue pour les entreprises - AMGA\" \/>\n<meta property=\"og:description\" content=\"Catalogue pour les entreprises et comptes commerciaux Des produits exceptionnels selon vos crit\u00e8res et besoins sp\u00e9cifiques Chez AMGA, on est fiers de l\u2019excellence de nos produits, et on s\u2019efforce continuellement d\u2019\u00e9largir notre catalogue pour r\u00e9pondre\" \/>\n<meta property=\"og:url\" content=\"https:\/\/alimentsamga.com\/fr\/catalogue-pour-entreprises\/\" \/>\n<meta property=\"og:site_name\" content=\"AMGA\" \/>\n<meta property=\"article:modified_time\" content=\"2021-08-17T17:14:49+00:00\" \/>\n<meta name=\"twitter:card\" content=\"summary_large_image\" \/>\n<meta name=\"twitter:label1\" content=\"Dur\u00e9e de lecture estim\u00e9e\" \/>\n\t<meta name=\"twitter:data1\" content=\"2 minutes\" \/>\n<script type=\"application\/ld+json\" class=\"yoast-schema-graph\">{\"@context\":\"https:\\\/\\\/schema.org\",\"@graph\":[{\"@type\":\"WebPage\",\"@id\":\"https:\\\/\\\/alimentsamga.com\\\/fr\\\/catalogue-pour-entreprises\\\/\",\"url\":\"https:\\\/\\\/alimentsamga.com\\\/fr\\\/catalogue-pour-entreprises\\\/\",\"name\":\"Catalogue pour les entreprises - AMGA\",\"isPartOf\":{\"@id\":\"https:\\\/\\\/alimentsamga.com\\\/fr\\\/#website\"},\"datePublished\":\"2020-10-07T16:37:46+00:00\",\"dateModified\":\"2021-08-17T17:14:49+00:00\",\"breadcrumb\":{\"@id\":\"https:\\\/\\\/alimentsamga.com\\\/fr\\\/catalogue-pour-entreprises\\\/#breadcrumb\"},\"inLanguage\":\"fr-FR\",\"potentialAction\":[{\"@type\":\"ReadAction\",\"target\":[\"https:\\\/\\\/alimentsamga.com\\\/fr\\\/catalogue-pour-entreprises\\\/\"]}]},{\"@type\":\"BreadcrumbList\",\"@id\":\"https:\\\/\\\/alimentsamga.com\\\/fr\\\/catalogue-pour-entreprises\\\/#breadcrumb\",\"itemListElement\":[{\"@type\":\"ListItem\",\"position\":1,\"name\":\"Home\",\"item\":\"https:\\\/\\\/alimentsamga.com\\\/fr\\\/\"},{\"@type\":\"ListItem\",\"position\":2,\"name\":\"Catalogue pour les entreprises\"}]},{\"@type\":\"WebSite\",\"@id\":\"https:\\\/\\\/alimentsamga.com\\\/fr\\\/#website\",\"url\":\"https:\\\/\\\/alimentsamga.com\\\/fr\\\/\",\"name\":\"AMGA\",\"description\":\"Aliments Amga\",\"publisher\":{\"@id\":\"https:\\\/\\\/alimentsamga.com\\\/fr\\\/#organization\"},\"potentialAction\":[{\"@type\":\"SearchAction\",\"target\":{\"@type\":\"EntryPoint\",\"urlTemplate\":\"https:\\\/\\\/alimentsamga.com\\\/fr\\\/?s={search_term_string}\"},\"query-input\":{\"@type\":\"PropertyValueSpecification\",\"valueRequired\":true,\"valueName\":\"search_term_string\"}}],\"inLanguage\":\"fr-FR\"},{\"@type\":\"Organization\",\"@id\":\"https:\\\/\\\/alimentsamga.com\\\/fr\\\/#organization\",\"name\":\"AMGA\",\"url\":\"https:\\\/\\\/alimentsamga.com\\\/fr\\\/\",\"logo\":{\"@type\":\"ImageObject\",\"inLanguage\":\"fr-FR\",\"@id\":\"https:\\\/\\\/alimentsamga.com\\\/fr\\\/#\\\/schema\\\/logo\\\/image\\\/\",\"url\":\"https:\\\/\\\/alimentsamga.com\\\/wp-content\\\/uploads\\\/2020\\\/11\\\/amgachezvous-logo-blue-e1619460460184.png\",\"contentUrl\":\"https:\\\/\\\/alimentsamga.com\\\/wp-content\\\/uploads\\\/2020\\\/11\\\/amgachezvous-logo-blue-e1619460460184.png\",\"width\":131,\"height\":80,\"caption\":\"AMGA\"},\"image\":{\"@id\":\"https:\\\/\\\/alimentsamga.com\\\/fr\\\/#\\\/schema\\\/logo\\\/image\\\/\"},\"sameAs\":[\"https:\\\/\\\/www.instagram.com\\\/aliments.amga\\\/?hl=en\"]}]}<\/script>\n<!-- \/ Yoast SEO plugin. -->","yoast_head_json":{"title":"Catalogue pour les entreprises - AMGA","robots":{"index":"index","follow":"follow","max-snippet":"max-snippet:-1","max-image-preview":"max-image-preview:large","max-video-preview":"max-video-preview:-1"},"canonical":"https:\/\/alimentsamga.com\/fr\/catalogue-pour-entreprises\/","og_locale":"fr_FR","og_type":"article","og_title":"Catalogue pour les entreprises - AMGA","og_description":"Catalogue pour les entreprises et comptes commerciaux Des produits exceptionnels selon vos crit\u00e8res et besoins sp\u00e9cifiques Chez AMGA, on est fiers de l\u2019excellence de nos produits, et on s\u2019efforce continuellement d\u2019\u00e9largir notre catalogue pour r\u00e9pondre","og_url":"https:\/\/alimentsamga.com\/fr\/catalogue-pour-entreprises\/","og_site_name":"AMGA","article_modified_time":"2021-08-17T17:14:49+00:00","twitter_card":"summary_large_image","twitter_misc":{"Dur\u00e9e de lecture estim\u00e9e":"2 minutes"},"schema":{"@context":"https:\/\/schema.org","@graph":[{"@type":"WebPage","@id":"https:\/\/alimentsamga.com\/fr\/catalogue-pour-entreprises\/","url":"https:\/\/alimentsamga.com\/fr\/catalogue-pour-entreprises\/","name":"Catalogue pour les entreprises - AMGA","isPartOf":{"@id":"https:\/\/alimentsamga.com\/fr\/#website"},"datePublished":"2020-10-07T16:37:46+00:00","dateModified":"2021-08-17T17:14:49+00:00","breadcrumb":{"@id":"https:\/\/alimentsamga.com\/fr\/catalogue-pour-entreprises\/#breadcrumb"},"inLanguage":"fr-FR","potentialAction":[{"@type":"ReadAction","target":["https:\/\/alimentsamga.com\/fr\/catalogue-pour-entreprises\/"]}]},{"@type":"BreadcrumbList","@id":"https:\/\/alimentsamga.com\/fr\/catalogue-pour-entreprises\/#breadcrumb","itemListElement":[{"@type":"ListItem","position":1,"name":"Home","item":"https:\/\/alimentsamga.com\/fr\/"},{"@type":"ListItem","position":2,"name":"Catalogue pour les entreprises"}]},{"@type":"WebSite","@id":"https:\/\/alimentsamga.com\/fr\/#website","url":"https:\/\/alimentsamga.com\/fr\/","name":"AMGA","description":"Aliments Amga","publisher":{"@id":"https:\/\/alimentsamga.com\/fr\/#organization"},"potentialAction":[{"@type":"SearchAction","target":{"@type":"EntryPoint","urlTemplate":"https:\/\/alimentsamga.com\/fr\/?s={search_term_string}"},"query-input":{"@type":"PropertyValueSpecification","valueRequired":true,"valueName":"search_term_string"}}],"inLanguage":"fr-FR"},{"@type":"Organization","@id":"https:\/\/alimentsamga.com\/fr\/#organization","name":"AMGA","url":"https:\/\/alimentsamga.com\/fr\/","logo":{"@type":"ImageObject","inLanguage":"fr-FR","@id":"https:\/\/alimentsamga.com\/fr\/#\/schema\/logo\/image\/","url":"https:\/\/alimentsamga.com\/wp-content\/uploads\/2020\/11\/amgachezvous-logo-blue-e1619460460184.png","contentUrl":"https:\/\/alimentsamga.com\/wp-content\/uploads\/2020\/11\/amgachezvous-logo-blue-e1619460460184.png","width":131,"height":80,"caption":"AMGA"},"image":{"@id":"https:\/\/alimentsamga.com\/fr\/#\/schema\/logo\/image\/"},"sameAs":["https:\/\/www.instagram.com\/aliments.amga\/?hl=en"]}]}},"_links":{"self":[{"href":"https:\/\/alimentsamga.com\/fr\/wp-json\/wp\/v2\/pages\/813","targetHints":{"allow":["GET"]}}],"collection":[{"href":"https:\/\/alimentsamga.com\/fr\/wp-json\/wp\/v2\/pages"}],"about":[{"href":"https:\/\/alimentsamga.com\/fr\/wp-json\/wp\/v2\/types\/page"}],"author":[{"embeddable":true,"href":"https:\/\/alimentsamga.com\/fr\/wp-json\/wp\/v2\/users\/1"}],"replies":[{"embeddable":true,"href":"https:\/\/alimentsamga.com\/fr\/wp-json\/wp\/v2\/comments?post=813"}],"version-history":[{"count":3,"href":"https:\/\/alimentsamga.com\/fr\/wp-json\/wp\/v2\/pages\/813\/revisions"}],"predecessor-version":[{"id":924,"href":"https:\/\/alimentsamga.com\/fr\/wp-json\/wp\/v2\/pages\/813\/revisions\/924"}],"wp:attachment":[{"href":"https:\/\/alimentsamga.com\/fr\/wp-json\/wp\/v2\/media?parent=813"}],"curies":[{"name":"wp","href":"https:\/\/api.w.org\/{rel}","templated":true}]}}