{"id":732,"date":"2020-08-28T15:34:33","date_gmt":"2020-08-28T15:34:33","guid":{"rendered":"https:\/\/amga.oncode.ca\/about-us\/"},"modified":"2025-06-23T14:41:02","modified_gmt":"2025-06-23T18:41:02","slug":"about-us","status":"publish","type":"page","link":"https:\/\/alimentsamga.com\/fr\/about-us\/","title":{"rendered":"\u00c0 Propos"},"content":{"rendered":"<div class=\"wpb-content-wrapper\"><p>[vc_section full_width=\u00a0\u00bbstretch_row\u00a0\u00bb el_id=\u00a0\u00bbsection-hero\u00a0\u00bb el_class=\u00a0\u00bbsection section-hero\u00a0\u00bb css=\u00a0\u00bb.vc_custom_1598629554608{background-image: url(https:\/\/alimentsamga.com\/wp-content\/uploads\/2020\/08\/about-bg.jpg?id=306) !important;}\u00a0\u00bb][vc_row][vc_column][vc_empty_space height=\u00a0\u00bb80px\u00a0\u00bb][vc_column_text]<\/p>\n<h1 class=\"section-title section-title-light text-center\">\u00c0 Propos<\/h1>\n<p>[\/vc_column_text][vc_empty_space height=\u00a0\u00bb110px\u00a0\u00bb][\/vc_column][\/vc_row][\/vc_section][vc_section full_width=\u00a0\u00bbstretch_row\u00a0\u00bb el_id=\u00a0\u00bbsection-approach\u00a0\u00bb el_class=\u00a0\u00bbsection section-approach\u00a0\u00bb css=\u00a0\u00bb.vc_custom_1598624010378{background-color: #f0f0f0 !important;}\u00a0\u00bb][vc_row content_placement=\u00a0\u00bbmiddle\u00a0\u00bb][vc_column width=\u00a0\u00bb7\/12&Prime;][vc_empty_space][vc_column_text]<\/p>\n<h2 class=\"section-title\">L&rsquo;Approche AMGA<\/h2>\n<h3>Nous sommes passionn\u00e9ment engag\u00e9s envers nos clients<\/h3>\n<p>En fournissant des produits frais et surgel\u00e9s de la plus haute qualit\u00e9 avec un niveau de service personnalis\u00e9, nous soutenons les entreprises de nos clients et travaillons sans rel\u00e2che pour devenir un partenaire \u00e0 valeur ajout\u00e9e dans leur r\u00e9ussite.<\/p>\n<p>Par-dessus tout, nous appr\u00e9cions les relations \u00e0 long terme que nous construisons avec nos clients. Un nouveau client peut s&rsquo;attendre \u00e0 une \u00e9valuation individuelle avec l&rsquo;un de nos repr\u00e9sentants des ventes comp\u00e9tents pour discuter des fa\u00e7ons dont nous pouvons am\u00e9liorer votre entreprise et d\u00e9velopper une analyse d\u00e9taill\u00e9e de vos besoins (le type de produits dont vous avez besoin, les heures de livraison, les paiements m\u00e9thodes. etc.). Nous resterons en contact \u00e9troit apr\u00e8s l&rsquo;\u00e9valuation initiale, et r\u00e9\u00e9valuerons et nous ajusterons \u00e0 vos besoins au besoin.<\/p>\n<p>AMGA peut vous proposer un calendrier de livraison personnalis\u00e9 pour r\u00e9pondre \u00e0 vos besoins. Nous sommes ouverts du lundi au vendredi de 6 h \u00e0 17 h. Toute commande pass\u00e9e avant 17 heures peut normalement \u00eatre livr\u00e9e le jour ouvrable suivant et sans frais suppl\u00e9mentaires.[\/vc_column_text][vc_empty_space][\/vc_column][vc_column width=\u00a0\u00bb5\/12&Prime; el_class=\u00a0\u00bbright-col\u00a0\u00bb css=\u00a0\u00bb.vc_custom_1598625708291{background-color: #2d2d2d !important;}\u00a0\u00bb][vc_column_text]<\/p>\n<h2 class=\"section-title section-title-light\">Notre Philosophie<\/h2>\n<p>AMGA est d\u00e9di\u00e9e \u00e0 l&rsquo;excellence des produits et du service \u00e0 la client\u00e8le au sein de l\u2019industrie alimentaire. On op\u00e8re selon une philosophie \u00e0 trois volets.<\/p>\n<div class=\"list-item\">\n<h4>Une grande et heureuse famille<\/h4>\n<div class=\"extra-wrap\">\n<p>Chaque employ\u00e9 et chaque client d\u2019AMGA est accueilli en tant que membre de notre famille. On aspire \u00e0 des relations d&rsquo;affaires prosp\u00e8res et des amiti\u00e9s \u00e0 long terme avec tous ceux avec qui on fait affaire.<\/p>\n<\/div>\n<\/div>\n<div class=\"list-item\">\n<h4>Nos produits sont d\u2019une qualit\u00e9 exceptionnelle<\/h4>\n<div class=\"extra-wrap\">\n<p>Chaque produit qu\u2019on offre doit r\u00e9pondre aux crit\u00e8res de qualit\u00e9 d\u2019AMGA. On exige le meilleur de nos agriculteurs et fournisseurs.<\/p>\n<\/div>\n<\/div>\n<div class=\"list-item\">\n<h4>Acheter chez nous devrait \u00eatre simple et net<\/h4>\n<div class=\"span4 extra_style4\">\n<div class=\"extra-wrap\">\n<p>On ne fera jamais de compromis sur la satisfaction du client. On veut que nos clients soient heureux de leur d\u00e9cision d&rsquo;acheter chez AMGA.<\/p>\n<\/div>\n<\/div>\n<\/div>\n<p>[\/vc_column_text][vc_empty_space][\/vc_column][\/vc_row][\/vc_section][vc_section el_id=\u00a0\u00bbsection-team\u00a0\u00bb el_class=\u00a0\u00bbsection section-team\u00a0\u00bb][vc_row][vc_column][vc_column_text]<\/p>\n<h2 class=\"section-title text-center\">La famille AMGA<\/h2>\n<p>[\/vc_column_text][vc_row_inner el_class=\u00a0\u00bbmember-row\u00a0\u00bb][vc_column_inner el_class=\u00a0\u00bbmember-box\u00a0\u00bb width=\u00a0\u00bb1\/4&Prime;][vc_single_image image=\u00a0\u00bb300&Prime; img_size=\u00a0\u00bb300&#215;300&Prime; alignment=\u00a0\u00bbcenter\u00a0\u00bb style=\u00a0\u00bbvc_box_circle_2&Prime;][vc_column_text]<\/p>\n<h4 class=\"member-name\">Angelo Mardas<\/h4>\n<p style=\"text-align: center;\">Fondateur<\/p>\n<p>[\/vc_column_text][\/vc_column_inner][vc_column_inner width=\u00a0\u00bb1\/4&Prime;][vc_single_image image=\u00a0\u00bb298&Prime; img_size=\u00a0\u00bb300&#215;300&Prime; alignment=\u00a0\u00bbcenter\u00a0\u00bb style=\u00a0\u00bbvc_box_circle_2&Prime;][vc_column_text]<\/p>\n<h4 class=\"member-name\">Peter Mardas<\/h4>\n<p style=\"text-align: center;\">Co-fondateur<\/p>\n<p>[\/vc_column_text][\/vc_column_inner][vc_column_inner width=\u00a0\u00bb1\/4&Prime;][vc_single_image image=\u00a0\u00bb296&Prime; img_size=\u00a0\u00bb300&#215;300&Prime; alignment=\u00a0\u00bbcenter\u00a0\u00bb style=\u00a0\u00bbvc_box_circle_2&Prime;][vc_column_text]<\/p>\n<h4 class=\"member-name\">Jimmy Mardas<\/h4>\n<p style=\"text-align: center;\">Responsable Des Ventes \/ Acheteur<\/p>\n<p>[\/vc_column_text][\/vc_column_inner][vc_column_inner width=\u00a0\u00bb1\/4&Prime;][vc_single_image image=\u00a0\u00bb278&Prime; img_size=\u00a0\u00bb300&#215;300&Prime; alignment=\u00a0\u00bbcenter\u00a0\u00bb style=\u00a0\u00bbvc_box_circle_2&Prime;][vc_column_text]<\/p>\n<h4 class=\"member-name\">Irene Mardas<\/h4>\n<p style=\"text-align: center;\">Chef des Comptes Clients<\/p>\n<p>[\/vc_column_text][\/vc_column_inner][\/vc_row_inner][vc_row_inner el_class=\u00a0\u00bbmember-row\u00a0\u00bb][vc_column_inner width=\u00a0\u00bb1\/4&Prime;][vc_single_image image=\u00a0\u00bb294&Prime; img_size=\u00a0\u00bb300&#215;300&Prime; alignment=\u00a0\u00bbcenter\u00a0\u00bb style=\u00a0\u00bbvc_box_circle_2&Prime;][vc_column_text]<\/p>\n<h4 class=\"member-name\">Dino Mardas<\/h4>\n<p style=\"text-align: center;\">Directeur Des Op\u00e9rations \/ Acheteur<\/p>\n<p>[\/vc_column_text][\/vc_column_inner][vc_column_inner el_class=\u00a0\u00bbmember-box\u00a0\u00bb width=\u00a0\u00bb1\/4&Prime;][vc_single_image image=\u00a0\u00bb284&Prime; img_size=\u00a0\u00bb300&#215;300&Prime; alignment=\u00a0\u00bbcenter\u00a0\u00bb style=\u00a0\u00bbvc_box_circle_2&Prime;][vc_column_text]<\/p>\n<h4 class=\"member-name\">Helen Mardas<\/h4>\n<p style=\"text-align: center;\">Chef Comptes Fournisseurs<\/p>\n<p>[\/vc_column_text][\/vc_column_inner][vc_column_inner width=\u00a0\u00bb1\/4&Prime;][vc_single_image image=\u00a0\u00bb280&Prime; img_size=\u00a0\u00bb300&#215;300&Prime; alignment=\u00a0\u00bbcenter\u00a0\u00bb style=\u00a0\u00bbvc_box_circle_2&Prime;][vc_column_text]<\/p>\n<h4 class=\"member-name\">Elaine Mardas<\/h4>\n<p style=\"text-align: center;\">Directrice Amga Chez Vous<\/p>\n<p>[\/vc_column_text][\/vc_column_inner][vc_column_inner width=\u00a0\u00bb1\/4&Prime;][vc_single_image image=\u00a0\u00bb292&Prime; img_size=\u00a0\u00bb300&#215;300&Prime; alignment=\u00a0\u00bbcenter\u00a0\u00bb style=\u00a0\u00bbvc_box_circle_2&Prime;][vc_column_text]<\/p>\n<h4 class=\"member-name\">Anna Mardas<\/h4>\n<p style=\"text-align: center;\">Chef des Services Administratifs<\/p>\n<p>[\/vc_column_text][\/vc_column_inner][\/vc_row_inner][vc_row_inner el_class=\u00a0\u00bbmember-row\u00a0\u00bb][vc_column_inner el_class=\u00a0\u00bbmember-box\u00a0\u00bb width=\u00a0\u00bb1\/4&Prime;][vc_single_image image=\u00a0\u00bb286&Prime; img_size=\u00a0\u00bb300&#215;300&Prime; alignment=\u00a0\u00bbcenter\u00a0\u00bb style=\u00a0\u00bbvc_box_circle_2&Prime;][vc_column_text]<\/p>\n<h4 class=\"member-name\">Manny Doulis<\/h4>\n<p style=\"text-align: center;\">Responsable Des Ventes \/ Acheteur<\/p>\n<p>[\/vc_column_text][\/vc_column_inner][vc_column_inner width=\u00a0\u00bb1\/4&Prime;][\/vc_column_inner][vc_column_inner width=\u00a0\u00bb1\/4&Prime;][\/vc_column_inner][vc_column_inner width=\u00a0\u00bb1\/4&Prime;][\/vc_column_inner][\/vc_row_inner][vc_row_inner el_class=\u00a0\u00bbmember-row\u00a0\u00bb][vc_column_inner el_class=\u00a0\u00bbmember-box\u00a0\u00bb width=\u00a0\u00bb1\/4&Prime;][\/vc_column_inner][vc_column_inner width=\u00a0\u00bb1\/4&Prime;][\/vc_column_inner][vc_column_inner width=\u00a0\u00bb1\/4&Prime;][\/vc_column_inner][vc_column_inner width=\u00a0\u00bb1\/4&Prime;][\/vc_column_inner][\/vc_row_inner][vc_empty_space height=\u00a0\u00bb60px\u00a0\u00bb][\/vc_column][\/vc_row][\/vc_section][vc_section full_width=\u00a0\u00bbstretch_row\u00a0\u00bb el_class=\u00a0\u00bbsection section-history\u00a0\u00bb css=\u00a0\u00bb.vc_custom_1598623491945{background-color: #f0f0f0 !important;}\u00a0\u00bb][vc_row content_placement=\u00a0\u00bbmiddle\u00a0\u00bb][vc_column width=\u00a0\u00bb1\/2&Prime;][vc_column_text]<\/p>\n<h2 class=\"section-title\">Notre Histoire<\/h2>\n<h3>Une Entreprise Familiale, Une Deuxi\u00e8me G\u00e9n\u00e9ration<\/h3>\n<p>Fond\u00e9e en 1967 par les fr\u00e8res\u00a0<strong>Angelo et Peter Mardas<\/strong>, AMGA a initialement \u00e9t\u00e9 \u00e9tablie en tant que distributeur de volaille et d\u2019\u0153ufs. Au cours de ces premi\u00e8res ann\u00e9es, les fr\u00e8res ont travaill\u00e9 c\u00f4te \u00e0 c\u00f4te dans un petit local sur la rue Henri Julien au c\u0153ur de La Petite Patrie.<\/p>\n<p>Dans les ann\u00e9es qui ont suivi, l\u2019entreprise a \u00e9largi son \u00e9ventail de produits pour y inclure des viandes, des fruits de mer et des produits laitiers de qualit\u00e9 sup\u00e9rieure. En 1972 ils ont d\u00e9m\u00e9nag\u00e9 \u00e0 un local plus grand sur la rue Jeanne Mance. Au milieu des ann\u00e9es 1980, afin de mieux r\u00e9pondre aux besoins de leur client\u00e8le de plus en plus nombreuse, ils ont \u00e9largi le b\u00e2timent, doublant ainsi sa superficie.<\/p>\n<p>Ceci est demeur\u00e9 le si\u00e8ge social d\u2019AMGA et a abrit\u00e9 les installations d&#8217;emballage de viande jusqu&rsquo;\u00e0 la mi-2015, \u00e9poque \u00e0 laquelle ils ont fait le passage \u00e0 leur emplacement actuel sur l&rsquo;autoroute transcanadienne.[\/vc_column_text][vc_empty_space][\/vc_column][vc_column width=\u00a0\u00bb1\/2&Prime;][vc_empty_space][vc_single_image image=\u00a0\u00bb309&Prime; img_size=\u00a0\u00bbfull\u00a0\u00bb alignment=\u00a0\u00bbcenter\u00a0\u00bb css=\u00a0\u00bb.vc_custom_1598629490504{margin-bottom: 4px !important;}\u00a0\u00bb][vc_single_image image=\u00a0\u00bb305&Prime; img_size=\u00a0\u00bbfull\u00a0\u00bb alignment=\u00a0\u00bbcenter\u00a0\u00bb][vc_empty_space][\/vc_column][\/vc_row][\/vc_section][vc_section el_class=\u00a0\u00bbsection section-history\u00a0\u00bb][vc_row content_placement=\u00a0\u00bbmiddle\u00a0\u00bb][vc_column width=\u00a0\u00bb1\/2&Prime;][vc_empty_space][vc_single_image image=\u00a0\u00bb303&Prime; img_size=\u00a0\u00bbfull\u00a0\u00bb alignment=\u00a0\u00bbright\u00a0\u00bb css=\u00a0\u00bb.vc_custom_1598629520317{margin-bottom: 4px !important;}\u00a0\u00bb][vc_empty_space height=\u00a0\u00bb60px\u00a0\u00bb][\/vc_column][vc_column width=\u00a0\u00bb1\/2&Prime;][vc_column_text]Avec des centaines de produits dans son vaste\u00a0<a href=\"https:\/\/alimentsamga.com\/products\/\">catalogue<\/a>, AMGA est devenue un guichet unique pour une liste sans cesse croissante de clients \u00e0 travers le Qu\u00e9bec. Notre longue liste de clients comprend des r<strong>estaurants, supermarch\u00e9s, salles de r\u00e9ception, h\u00f4tels, terrains de golf, h\u00f4pitaux, services de restauration, r\u00e9sidences et diverses institutions<\/strong>, dont plusieurs font affaire avec AMGA depuis plus de 40 ans.<\/p>\n<p>Nos nouvelles installations \u00e0 Ville Saint-Laurent ont \u00e9t\u00e9 choisies avec nos clients \u00e0 l&rsquo;esprit, pour nous permettre de continuer \u00e0 offrir un niveau encore plus \u00e9lev\u00e9 de flexibilit\u00e9 dans notre offre de services. Avec plus de 20.000 pieds carr\u00e9s d&rsquo;espace de distribution, de vastes quais de chargement et assez de place pour une \u00e9ventuelle expansion, nous sommes bien pr\u00e9par\u00e9s pour accompagner nos clients avec une croissance continue.[\/vc_column_text][\/vc_column][\/vc_row][\/vc_section]<\/p>\n<\/div>","protected":false},"excerpt":{"rendered":" \u00c0 Propos  L&rsquo;Approche AMGA Nous sommes passionn\u00e9ment engag\u00e9s envers nos clients En fournissant des produits frais et surgel\u00e9s de la plus haute qualit\u00e9 avec un niveau de service personnalis\u00e9, nous soutenons les entreprises de nos ","protected":false},"author":1,"featured_media":0,"parent":0,"menu_order":0,"comment_status":"closed","ping_status":"closed","template":"page-blank.php","meta":{"content-type":"","footnotes":""},"class_list":["post-732","page","type-page","status-publish","hentry"],"yoast_head":"<!-- This site is optimized with the Yoast SEO plugin v27.4 - https:\/\/yoast.com\/product\/yoast-seo-wordpress\/ -->\n<title>AMGA a Propos<\/title>\n<meta name=\"robots\" content=\"index, follow, max-snippet:-1, max-image-preview:large, max-video-preview:-1\" \/>\n<link rel=\"canonical\" href=\"https:\/\/alimentsamga.com\/fr\/about-us\/\" \/>\n<meta property=\"og:locale\" content=\"fr_FR\" \/>\n<meta property=\"og:type\" content=\"article\" \/>\n<meta property=\"og:title\" content=\"AMGA a Propos\" \/>\n<meta property=\"og:description\" content=\"\u00c0 Propos L&rsquo;Approche AMGA Nous sommes passionn\u00e9ment engag\u00e9s envers nos clients En fournissant des produits frais et surgel\u00e9s de la plus haute qualit\u00e9 avec un niveau de service personnalis\u00e9, nous soutenons les entreprises de nos\" \/>\n<meta property=\"og:url\" content=\"https:\/\/alimentsamga.com\/fr\/about-us\/\" \/>\n<meta property=\"og:site_name\" content=\"AMGA\" \/>\n<meta property=\"article:modified_time\" content=\"2025-06-23T18:41:02+00:00\" \/>\n<meta name=\"twitter:card\" content=\"summary_large_image\" \/>\n<meta name=\"twitter:label1\" content=\"Dur\u00e9e de lecture estim\u00e9e\" \/>\n\t<meta name=\"twitter:data1\" content=\"4 minutes\" \/>\n<script type=\"application\/ld+json\" class=\"yoast-schema-graph\">{\"@context\":\"https:\\\/\\\/schema.org\",\"@graph\":[{\"@type\":\"WebPage\",\"@id\":\"https:\\\/\\\/alimentsamga.com\\\/fr\\\/about-us\\\/\",\"url\":\"https:\\\/\\\/alimentsamga.com\\\/fr\\\/about-us\\\/\",\"name\":\"AMGA a Propos\",\"isPartOf\":{\"@id\":\"https:\\\/\\\/alimentsamga.com\\\/fr\\\/#website\"},\"datePublished\":\"2020-08-28T15:34:33+00:00\",\"dateModified\":\"2025-06-23T18:41:02+00:00\",\"breadcrumb\":{\"@id\":\"https:\\\/\\\/alimentsamga.com\\\/fr\\\/about-us\\\/#breadcrumb\"},\"inLanguage\":\"fr-FR\",\"potentialAction\":[{\"@type\":\"ReadAction\",\"target\":[\"https:\\\/\\\/alimentsamga.com\\\/fr\\\/about-us\\\/\"]}]},{\"@type\":\"BreadcrumbList\",\"@id\":\"https:\\\/\\\/alimentsamga.com\\\/fr\\\/about-us\\\/#breadcrumb\",\"itemListElement\":[{\"@type\":\"ListItem\",\"position\":1,\"name\":\"Home\",\"item\":\"https:\\\/\\\/alimentsamga.com\\\/fr\\\/\"},{\"@type\":\"ListItem\",\"position\":2,\"name\":\"\u00c0 Propos\"}]},{\"@type\":\"WebSite\",\"@id\":\"https:\\\/\\\/alimentsamga.com\\\/fr\\\/#website\",\"url\":\"https:\\\/\\\/alimentsamga.com\\\/fr\\\/\",\"name\":\"AMGA\",\"description\":\"Aliments Amga\",\"publisher\":{\"@id\":\"https:\\\/\\\/alimentsamga.com\\\/fr\\\/#organization\"},\"potentialAction\":[{\"@type\":\"SearchAction\",\"target\":{\"@type\":\"EntryPoint\",\"urlTemplate\":\"https:\\\/\\\/alimentsamga.com\\\/fr\\\/?s={search_term_string}\"},\"query-input\":{\"@type\":\"PropertyValueSpecification\",\"valueRequired\":true,\"valueName\":\"search_term_string\"}}],\"inLanguage\":\"fr-FR\"},{\"@type\":\"Organization\",\"@id\":\"https:\\\/\\\/alimentsamga.com\\\/fr\\\/#organization\",\"name\":\"AMGA\",\"url\":\"https:\\\/\\\/alimentsamga.com\\\/fr\\\/\",\"logo\":{\"@type\":\"ImageObject\",\"inLanguage\":\"fr-FR\",\"@id\":\"https:\\\/\\\/alimentsamga.com\\\/fr\\\/#\\\/schema\\\/logo\\\/image\\\/\",\"url\":\"https:\\\/\\\/alimentsamga.com\\\/wp-content\\\/uploads\\\/2020\\\/11\\\/amgachezvous-logo-blue-e1619460460184.png\",\"contentUrl\":\"https:\\\/\\\/alimentsamga.com\\\/wp-content\\\/uploads\\\/2020\\\/11\\\/amgachezvous-logo-blue-e1619460460184.png\",\"width\":131,\"height\":80,\"caption\":\"AMGA\"},\"image\":{\"@id\":\"https:\\\/\\\/alimentsamga.com\\\/fr\\\/#\\\/schema\\\/logo\\\/image\\\/\"},\"sameAs\":[\"https:\\\/\\\/www.instagram.com\\\/aliments.amga\\\/?hl=en\"]}]}<\/script>\n<!-- \/ Yoast SEO plugin. -->","yoast_head_json":{"title":"AMGA a Propos","robots":{"index":"index","follow":"follow","max-snippet":"max-snippet:-1","max-image-preview":"max-image-preview:large","max-video-preview":"max-video-preview:-1"},"canonical":"https:\/\/alimentsamga.com\/fr\/about-us\/","og_locale":"fr_FR","og_type":"article","og_title":"AMGA a Propos","og_description":"\u00c0 Propos L&rsquo;Approche AMGA Nous sommes passionn\u00e9ment engag\u00e9s envers nos clients En fournissant des produits frais et surgel\u00e9s de la plus haute qualit\u00e9 avec un niveau de service personnalis\u00e9, nous soutenons les entreprises de nos","og_url":"https:\/\/alimentsamga.com\/fr\/about-us\/","og_site_name":"AMGA","article_modified_time":"2025-06-23T18:41:02+00:00","twitter_card":"summary_large_image","twitter_misc":{"Dur\u00e9e de lecture estim\u00e9e":"4 minutes"},"schema":{"@context":"https:\/\/schema.org","@graph":[{"@type":"WebPage","@id":"https:\/\/alimentsamga.com\/fr\/about-us\/","url":"https:\/\/alimentsamga.com\/fr\/about-us\/","name":"AMGA a Propos","isPartOf":{"@id":"https:\/\/alimentsamga.com\/fr\/#website"},"datePublished":"2020-08-28T15:34:33+00:00","dateModified":"2025-06-23T18:41:02+00:00","breadcrumb":{"@id":"https:\/\/alimentsamga.com\/fr\/about-us\/#breadcrumb"},"inLanguage":"fr-FR","potentialAction":[{"@type":"ReadAction","target":["https:\/\/alimentsamga.com\/fr\/about-us\/"]}]},{"@type":"BreadcrumbList","@id":"https:\/\/alimentsamga.com\/fr\/about-us\/#breadcrumb","itemListElement":[{"@type":"ListItem","position":1,"name":"Home","item":"https:\/\/alimentsamga.com\/fr\/"},{"@type":"ListItem","position":2,"name":"\u00c0 Propos"}]},{"@type":"WebSite","@id":"https:\/\/alimentsamga.com\/fr\/#website","url":"https:\/\/alimentsamga.com\/fr\/","name":"AMGA","description":"Aliments Amga","publisher":{"@id":"https:\/\/alimentsamga.com\/fr\/#organization"},"potentialAction":[{"@type":"SearchAction","target":{"@type":"EntryPoint","urlTemplate":"https:\/\/alimentsamga.com\/fr\/?s={search_term_string}"},"query-input":{"@type":"PropertyValueSpecification","valueRequired":true,"valueName":"search_term_string"}}],"inLanguage":"fr-FR"},{"@type":"Organization","@id":"https:\/\/alimentsamga.com\/fr\/#organization","name":"AMGA","url":"https:\/\/alimentsamga.com\/fr\/","logo":{"@type":"ImageObject","inLanguage":"fr-FR","@id":"https:\/\/alimentsamga.com\/fr\/#\/schema\/logo\/image\/","url":"https:\/\/alimentsamga.com\/wp-content\/uploads\/2020\/11\/amgachezvous-logo-blue-e1619460460184.png","contentUrl":"https:\/\/alimentsamga.com\/wp-content\/uploads\/2020\/11\/amgachezvous-logo-blue-e1619460460184.png","width":131,"height":80,"caption":"AMGA"},"image":{"@id":"https:\/\/alimentsamga.com\/fr\/#\/schema\/logo\/image\/"},"sameAs":["https:\/\/www.instagram.com\/aliments.amga\/?hl=en"]}]}},"_links":{"self":[{"href":"https:\/\/alimentsamga.com\/fr\/wp-json\/wp\/v2\/pages\/732","targetHints":{"allow":["GET"]}}],"collection":[{"href":"https:\/\/alimentsamga.com\/fr\/wp-json\/wp\/v2\/pages"}],"about":[{"href":"https:\/\/alimentsamga.com\/fr\/wp-json\/wp\/v2\/types\/page"}],"author":[{"embeddable":true,"href":"https:\/\/alimentsamga.com\/fr\/wp-json\/wp\/v2\/users\/1"}],"replies":[{"embeddable":true,"href":"https:\/\/alimentsamga.com\/fr\/wp-json\/wp\/v2\/comments?post=732"}],"version-history":[{"count":6,"href":"https:\/\/alimentsamga.com\/fr\/wp-json\/wp\/v2\/pages\/732\/revisions"}],"predecessor-version":[{"id":11543,"href":"https:\/\/alimentsamga.com\/fr\/wp-json\/wp\/v2\/pages\/732\/revisions\/11543"}],"wp:attachment":[{"href":"https:\/\/alimentsamga.com\/fr\/wp-json\/wp\/v2\/media?parent=732"}],"curies":[{"name":"wp","href":"https:\/\/api.w.org\/{rel}","templated":true}]}}