{"id":5546,"date":"2021-12-01T10:07:35","date_gmt":"2021-12-01T15:07:35","guid":{"rendered":"https:\/\/alimentsamga.com\/?page_id=5546"},"modified":"2025-03-04T08:57:05","modified_gmt":"2025-03-04T13:57:05","slug":"nouveaux-clients-dentreprise","status":"publish","type":"page","link":"https:\/\/alimentsamga.com\/fr\/nouveaux-clients-dentreprise\/","title":{"rendered":"Nouveaux clients d\u2019entreprise"},"content":{"rendered":"<div class=\"wpb-content-wrapper\"><p>[vc_section full_width=\u00a0\u00bbstretch_row\u00a0\u00bb el_id=\u00a0\u00bbsection-hero\u00a0\u00bb el_class=\u00a0\u00bbsection section-hero\u00a0\u00bb css=\u00a0\u00bb.vc_custom_1638290039812{margin-bottom: 0px !important;background-image: url(https:\/\/alimentsamga.com\/wp-content\/uploads\/2021\/11\/WebsiteBanner-1.jpg?id=5517) !important;}\u00a0\u00bb][vc_row][vc_column][vc_empty_space height=\u00a0\u00bb80px\u00a0\u00bb][vc_column_text]<\/p>\n<h1 class=\"section-title section-title-light text-center\">Nouveaux clients d\u2019entreprise<\/h1>\n<p>[\/vc_column_text][vc_empty_space height=\u00a0\u00bb110px\u00a0\u00bb][\/vc_column][\/vc_row][\/vc_section][vc_section full_width=\u00a0\u00bbstretch_row\u00a0\u00bb el_id=\u00a0\u00bbsection-cta\u00a0\u00bb el_class=\u00a0\u00bbsection section-cta\u00a0\u00bb css=\u00a0\u00bb.vc_custom_1598632180629{background-color: #f0f0f0 !important;}\u00a0\u00bb][vc_row content_placement=\u00a0\u00bbmiddle\u00a0\u00bb][vc_column width=\u00a0\u00bb2\/3&Prime;][vc_column_text]<\/p>\n<h4>AMGA est un grossiste et un distributeur \u00e0 service complet sp\u00e9cialis\u00e9 dans la volaille, la viande et les fruits de mer. Nous sommes votre seule et unique destination pour la viande la plus fra\u00eeche qui soit!<\/h4>\n<h4>Vous voulez ouvrir un compte grossiste ? Remplissez le formulaire ci-dessous et un repr\u00e9sentant vous contactera sous peu.<\/h4>\n<p>[\/vc_column_text][vc_empty_space][\/vc_column][vc_column width=\u00a0\u00bb1\/3&Prime; el_class=\u00a0\u00bbright-col\u00a0\u00bb][vc_empty_space][vc_single_image image=\u00a0\u00bb5552&Prime; img_size=\u00a0\u00bbmedium\u00a0\u00bb alignment=\u00a0\u00bbcenter\u00a0\u00bb onclick=\u00a0\u00bbcustom_link\u00a0\u00bb link=\u00a0\u00bb\/wp-content\/uploads\/2020\/08\/Amga_Catalog_april2017_v07.pdf\u00a0\u00bb][vc_column_text]<\/p>\n<div class=\"btn-wrap\"><a class=\"btn btn-primary btn-lg\" href=\"https:\/\/alimentsamga.com\/wp-content\/uploads\/2021\/08\/Application-de-nouveau-clientfrancais.pdf\">T\u00e9l\u00e9chargez le formulaire de demande client<\/a><\/div>\n<p>[\/vc_column_text][vc_empty_space][\/vc_column][\/vc_row][\/vc_section][vc_section el_id=\u00a0\u00bbsection-form\u00a0\u00bb el_class=\u00a0\u00bbsection section-form\u00a0\u00bb][vc_row content_placement=\u00a0\u00bbmiddle\u00a0\u00bb][vc_column][vc_column_text]<\/p>\n<h2 class=\"section-title text-center\">Formulaire de demande client<\/h2>\n<p>[\/vc_column_text]\n<div class=\"wpcf7 no-js\" id=\"wpcf7-f5557-o1\" lang=\"en-US\" dir=\"ltr\" data-wpcf7-id=\"5557\">\n<div class=\"screen-reader-response\"><p role=\"status\" aria-live=\"polite\" aria-atomic=\"true\"><\/p> <ul><\/ul><\/div>\n<form action=\"\/fr\/wp-json\/wp\/v2\/pages\/5546#wpcf7-f5557-o1\" method=\"post\" class=\"wpcf7-form init e0f6d3799fc1 cmatic-conn cmatic-aud-1 cmatic-mapd0-0 cmatic-v0978 cmatic-sent-0 cmatic-total-20\" aria-label=\"Contact form\" novalidate=\"novalidate\" data-status=\"init\">\n<fieldset class=\"hidden-fields-container\"><input type=\"hidden\" name=\"_wpcf7\" value=\"5557\" \/><input type=\"hidden\" name=\"_wpcf7_version\" value=\"6.1.5\" \/><input type=\"hidden\" name=\"_wpcf7_locale\" value=\"en_US\" \/><input type=\"hidden\" name=\"_wpcf7_unit_tag\" value=\"wpcf7-f5557-o1\" \/><input type=\"hidden\" name=\"_wpcf7_container_post\" value=\"0\" \/><input type=\"hidden\" name=\"_wpcf7_posted_data_hash\" value=\"\" \/><input type=\"hidden\" name=\"_wpcf7_recaptcha_response\" value=\"\" \/>\n<\/fieldset>\n<p>Pr\u00e9nom: <span class=\"wpcf7-form-control-wrap\" data-name=\"first-name\"><input size=\"40\" maxlength=\"400\" class=\"wpcf7-form-control wpcf7-text wpcf7-validates-as-required\" aria-required=\"true\" aria-invalid=\"false\" placeholder=\"Pr\u00e9nom\" value=\"\" type=\"text\" name=\"first-name\" \/><\/span><br \/>\nNom: <span class=\"wpcf7-form-control-wrap\" data-name=\"last-name\"><input size=\"40\" maxlength=\"400\" class=\"wpcf7-form-control wpcf7-text wpcf7-validates-as-required\" aria-required=\"true\" aria-invalid=\"false\" placeholder=\"Nom\" value=\"\" type=\"text\" name=\"last-name\" \/><\/span><br \/>\nNom de l'entreprise: <span class=\"wpcf7-form-control-wrap\" data-name=\"business-name\"><input size=\"40\" maxlength=\"400\" class=\"wpcf7-form-control wpcf7-text wpcf7-validates-as-required\" aria-required=\"true\" aria-invalid=\"false\" placeholder=\"Nom de l&#039;entreprise\" value=\"\" type=\"text\" name=\"business-name\" \/><\/span><br \/>\nCode postal: <span class=\"wpcf7-form-control-wrap\" data-name=\"postal-code\"><input size=\"40\" maxlength=\"400\" class=\"wpcf7-form-control wpcf7-text wpcf7-validates-as-required\" aria-required=\"true\" aria-invalid=\"false\" placeholder=\"Code postal\" value=\"\" type=\"text\" name=\"postal-code\" \/><\/span><br \/>\nCourriel: <span class=\"wpcf7-form-control-wrap\" data-name=\"your-email\"><input size=\"40\" maxlength=\"400\" class=\"wpcf7-form-control wpcf7-email wpcf7-validates-as-required wpcf7-text wpcf7-validates-as-email\" aria-required=\"true\" aria-invalid=\"false\" placeholder=\"Courriel\" value=\"\" type=\"email\" name=\"your-email\" \/><\/span><br \/>\nT\u00e9l\u00e9phone: <span class=\"wpcf7-form-control-wrap\" data-name=\"phone-number\"><input size=\"40\" maxlength=\"400\" class=\"wpcf7-form-control wpcf7-tel wpcf7-validates-as-required wpcf7-text wpcf7-validates-as-tel\" aria-required=\"true\" aria-invalid=\"false\" placeholder=\"T\u00e9l\u00e9phone\" value=\"\" type=\"tel\" name=\"phone-number\" \/><\/span><br \/>\nAvez-vous un repr\u00e9sentant des ventes?: <span class=\"wpcf7-form-control-wrap\" data-name=\"Sales-rep\"><select class=\"wpcf7-form-control wpcf7-select wpcf7-validates-as-required\" aria-required=\"true\" aria-invalid=\"false\" name=\"Sales-rep\"><option value=\"Oui\">Oui<\/option><option value=\"Non\">Non<\/option><\/select><\/span><br \/>\nQuel est le nom de votre repr\u00e9sentant des ventes? <span class=\"wpcf7-form-control-wrap\" data-name=\"sales-rep\"><input size=\"40\" maxlength=\"400\" class=\"wpcf7-form-control wpcf7-text\" aria-invalid=\"false\" placeholder=\"Repr\u00e9sentant des ventes\" value=\"\" type=\"text\" name=\"sales-rep\" \/><\/span>\n<\/p>\n<div class=\"btn-wrap\">\n\t<p><input class=\"wpcf7-form-control wpcf7-submit has-spinner btn btn-dark btn-outline\" type=\"submit\" value=\"Envoyer\" \/>\n\t<\/p>\n<\/div><input type='hidden' class='wpcf7-pum' value='{\"closepopup\":false,\"closedelay\":0,\"openpopup\":false,\"openpopup_id\":0}' \/><div class=\"wpcf7-response-output\" aria-hidden=\"true\"><\/div>\n<\/form>\n<\/div>\n[vc_empty_space][\/vc_column][\/vc_row][\/vc_section]<\/p>\n<\/div>","protected":false},"excerpt":{"rendered":" Nouveaux clients d\u2019entreprise  AMGA est un grossiste et un distributeur \u00e0 service complet sp\u00e9cialis\u00e9 dans la volaille, la viande et les fruits de mer. Nous sommes votre seule et unique destination pour la ","protected":false},"author":3,"featured_media":0,"parent":0,"menu_order":0,"comment_status":"closed","ping_status":"closed","template":"page-blank.php","meta":{"content-type":"","footnotes":""},"class_list":["post-5546","page","type-page","status-publish","hentry"],"yoast_head":"<!-- This site is optimized with the Yoast SEO plugin v27.3 - https:\/\/yoast.com\/product\/yoast-seo-wordpress\/ -->\n<title>Nouveaux clients d\u2019entreprise - AMGA<\/title>\n<meta name=\"description\" content=\"AMGA est un grossiste et un distributeur \u00e0 service complet sp\u00e9cialis\u00e9 dans la volaille, la viande et les fruits de mer. Nous sommes votre seule et unique destination pour la viande la plus fra\u00eeche qui soit!\" \/>\n<meta name=\"robots\" content=\"index, follow, max-snippet:-1, max-image-preview:large, max-video-preview:-1\" \/>\n<link rel=\"canonical\" href=\"https:\/\/alimentsamga.com\/fr\/nouveaux-clients-dentreprise\/\" \/>\n<meta property=\"og:locale\" content=\"fr_FR\" \/>\n<meta property=\"og:type\" content=\"article\" \/>\n<meta property=\"og:title\" content=\"Nouveaux clients d\u2019entreprise - AMGA\" \/>\n<meta property=\"og:description\" content=\"AMGA est un grossiste et un distributeur \u00e0 service complet sp\u00e9cialis\u00e9 dans la volaille, la viande et les fruits de mer. Nous sommes votre seule et unique destination pour la viande la plus fra\u00eeche qui soit!\" \/>\n<meta property=\"og:url\" content=\"https:\/\/alimentsamga.com\/fr\/nouveaux-clients-dentreprise\/\" \/>\n<meta property=\"og:site_name\" content=\"AMGA\" \/>\n<meta property=\"article:modified_time\" content=\"2025-03-04T13:57:05+00:00\" \/>\n<meta name=\"twitter:card\" content=\"summary_large_image\" \/>\n<meta name=\"twitter:label1\" content=\"Dur\u00e9e de lecture estim\u00e9e\" \/>\n\t<meta name=\"twitter:data1\" content=\"1 minute\" \/>\n<script type=\"application\/ld+json\" class=\"yoast-schema-graph\">{\"@context\":\"https:\\\/\\\/schema.org\",\"@graph\":[{\"@type\":\"WebPage\",\"@id\":\"https:\\\/\\\/alimentsamga.com\\\/fr\\\/nouveaux-clients-dentreprise\\\/\",\"url\":\"https:\\\/\\\/alimentsamga.com\\\/fr\\\/nouveaux-clients-dentreprise\\\/\",\"name\":\"Nouveaux clients d\u2019entreprise - AMGA\",\"isPartOf\":{\"@id\":\"https:\\\/\\\/alimentsamga.com\\\/fr\\\/#website\"},\"datePublished\":\"2021-12-01T15:07:35+00:00\",\"dateModified\":\"2025-03-04T13:57:05+00:00\",\"description\":\"AMGA est un grossiste et un distributeur \u00e0 service complet sp\u00e9cialis\u00e9 dans la volaille, la viande et les fruits de mer. Nous sommes votre seule et unique destination pour la viande la plus fra\u00eeche qui soit!\",\"breadcrumb\":{\"@id\":\"https:\\\/\\\/alimentsamga.com\\\/fr\\\/nouveaux-clients-dentreprise\\\/#breadcrumb\"},\"inLanguage\":\"fr-FR\",\"potentialAction\":[{\"@type\":\"ReadAction\",\"target\":[\"https:\\\/\\\/alimentsamga.com\\\/fr\\\/nouveaux-clients-dentreprise\\\/\"]}]},{\"@type\":\"BreadcrumbList\",\"@id\":\"https:\\\/\\\/alimentsamga.com\\\/fr\\\/nouveaux-clients-dentreprise\\\/#breadcrumb\",\"itemListElement\":[{\"@type\":\"ListItem\",\"position\":1,\"name\":\"Home\",\"item\":\"https:\\\/\\\/alimentsamga.com\\\/fr\\\/\"},{\"@type\":\"ListItem\",\"position\":2,\"name\":\"Nouveaux clients d\u2019entreprise\"}]},{\"@type\":\"WebSite\",\"@id\":\"https:\\\/\\\/alimentsamga.com\\\/fr\\\/#website\",\"url\":\"https:\\\/\\\/alimentsamga.com\\\/fr\\\/\",\"name\":\"AMGA\",\"description\":\"Aliments Amga\",\"publisher\":{\"@id\":\"https:\\\/\\\/alimentsamga.com\\\/fr\\\/#organization\"},\"potentialAction\":[{\"@type\":\"SearchAction\",\"target\":{\"@type\":\"EntryPoint\",\"urlTemplate\":\"https:\\\/\\\/alimentsamga.com\\\/fr\\\/?s={search_term_string}\"},\"query-input\":{\"@type\":\"PropertyValueSpecification\",\"valueRequired\":true,\"valueName\":\"search_term_string\"}}],\"inLanguage\":\"fr-FR\"},{\"@type\":\"Organization\",\"@id\":\"https:\\\/\\\/alimentsamga.com\\\/fr\\\/#organization\",\"name\":\"AMGA\",\"url\":\"https:\\\/\\\/alimentsamga.com\\\/fr\\\/\",\"logo\":{\"@type\":\"ImageObject\",\"inLanguage\":\"fr-FR\",\"@id\":\"https:\\\/\\\/alimentsamga.com\\\/fr\\\/#\\\/schema\\\/logo\\\/image\\\/\",\"url\":\"https:\\\/\\\/alimentsamga.com\\\/wp-content\\\/uploads\\\/2020\\\/11\\\/amgachezvous-logo-blue-e1619460460184.png\",\"contentUrl\":\"https:\\\/\\\/alimentsamga.com\\\/wp-content\\\/uploads\\\/2020\\\/11\\\/amgachezvous-logo-blue-e1619460460184.png\",\"width\":131,\"height\":80,\"caption\":\"AMGA\"},\"image\":{\"@id\":\"https:\\\/\\\/alimentsamga.com\\\/fr\\\/#\\\/schema\\\/logo\\\/image\\\/\"},\"sameAs\":[\"https:\\\/\\\/www.instagram.com\\\/aliments.amga\\\/?hl=en\"]}]}<\/script>\n<!-- \/ Yoast SEO plugin. -->","yoast_head_json":{"title":"Nouveaux clients d\u2019entreprise - AMGA","description":"AMGA est un grossiste et un distributeur \u00e0 service complet sp\u00e9cialis\u00e9 dans la volaille, la viande et les fruits de mer. Nous sommes votre seule et unique destination pour la viande la plus fra\u00eeche qui soit!","robots":{"index":"index","follow":"follow","max-snippet":"max-snippet:-1","max-image-preview":"max-image-preview:large","max-video-preview":"max-video-preview:-1"},"canonical":"https:\/\/alimentsamga.com\/fr\/nouveaux-clients-dentreprise\/","og_locale":"fr_FR","og_type":"article","og_title":"Nouveaux clients d\u2019entreprise - AMGA","og_description":"AMGA est un grossiste et un distributeur \u00e0 service complet sp\u00e9cialis\u00e9 dans la volaille, la viande et les fruits de mer. Nous sommes votre seule et unique destination pour la viande la plus fra\u00eeche qui soit!","og_url":"https:\/\/alimentsamga.com\/fr\/nouveaux-clients-dentreprise\/","og_site_name":"AMGA","article_modified_time":"2025-03-04T13:57:05+00:00","twitter_card":"summary_large_image","twitter_misc":{"Dur\u00e9e de lecture estim\u00e9e":"1 minute"},"schema":{"@context":"https:\/\/schema.org","@graph":[{"@type":"WebPage","@id":"https:\/\/alimentsamga.com\/fr\/nouveaux-clients-dentreprise\/","url":"https:\/\/alimentsamga.com\/fr\/nouveaux-clients-dentreprise\/","name":"Nouveaux clients d\u2019entreprise - AMGA","isPartOf":{"@id":"https:\/\/alimentsamga.com\/fr\/#website"},"datePublished":"2021-12-01T15:07:35+00:00","dateModified":"2025-03-04T13:57:05+00:00","description":"AMGA est un grossiste et un distributeur \u00e0 service complet sp\u00e9cialis\u00e9 dans la volaille, la viande et les fruits de mer. Nous sommes votre seule et unique destination pour la viande la plus fra\u00eeche qui soit!","breadcrumb":{"@id":"https:\/\/alimentsamga.com\/fr\/nouveaux-clients-dentreprise\/#breadcrumb"},"inLanguage":"fr-FR","potentialAction":[{"@type":"ReadAction","target":["https:\/\/alimentsamga.com\/fr\/nouveaux-clients-dentreprise\/"]}]},{"@type":"BreadcrumbList","@id":"https:\/\/alimentsamga.com\/fr\/nouveaux-clients-dentreprise\/#breadcrumb","itemListElement":[{"@type":"ListItem","position":1,"name":"Home","item":"https:\/\/alimentsamga.com\/fr\/"},{"@type":"ListItem","position":2,"name":"Nouveaux clients d\u2019entreprise"}]},{"@type":"WebSite","@id":"https:\/\/alimentsamga.com\/fr\/#website","url":"https:\/\/alimentsamga.com\/fr\/","name":"AMGA","description":"Aliments Amga","publisher":{"@id":"https:\/\/alimentsamga.com\/fr\/#organization"},"potentialAction":[{"@type":"SearchAction","target":{"@type":"EntryPoint","urlTemplate":"https:\/\/alimentsamga.com\/fr\/?s={search_term_string}"},"query-input":{"@type":"PropertyValueSpecification","valueRequired":true,"valueName":"search_term_string"}}],"inLanguage":"fr-FR"},{"@type":"Organization","@id":"https:\/\/alimentsamga.com\/fr\/#organization","name":"AMGA","url":"https:\/\/alimentsamga.com\/fr\/","logo":{"@type":"ImageObject","inLanguage":"fr-FR","@id":"https:\/\/alimentsamga.com\/fr\/#\/schema\/logo\/image\/","url":"https:\/\/alimentsamga.com\/wp-content\/uploads\/2020\/11\/amgachezvous-logo-blue-e1619460460184.png","contentUrl":"https:\/\/alimentsamga.com\/wp-content\/uploads\/2020\/11\/amgachezvous-logo-blue-e1619460460184.png","width":131,"height":80,"caption":"AMGA"},"image":{"@id":"https:\/\/alimentsamga.com\/fr\/#\/schema\/logo\/image\/"},"sameAs":["https:\/\/www.instagram.com\/aliments.amga\/?hl=en"]}]}},"_links":{"self":[{"href":"https:\/\/alimentsamga.com\/fr\/wp-json\/wp\/v2\/pages\/5546","targetHints":{"allow":["GET"]}}],"collection":[{"href":"https:\/\/alimentsamga.com\/fr\/wp-json\/wp\/v2\/pages"}],"about":[{"href":"https:\/\/alimentsamga.com\/fr\/wp-json\/wp\/v2\/types\/page"}],"author":[{"embeddable":true,"href":"https:\/\/alimentsamga.com\/fr\/wp-json\/wp\/v2\/users\/3"}],"replies":[{"embeddable":true,"href":"https:\/\/alimentsamga.com\/fr\/wp-json\/wp\/v2\/comments?post=5546"}],"version-history":[{"count":2,"href":"https:\/\/alimentsamga.com\/fr\/wp-json\/wp\/v2\/pages\/5546\/revisions"}],"predecessor-version":[{"id":11260,"href":"https:\/\/alimentsamga.com\/fr\/wp-json\/wp\/v2\/pages\/5546\/revisions\/11260"}],"wp:attachment":[{"href":"https:\/\/alimentsamga.com\/fr\/wp-json\/wp\/v2\/media?parent=5546"}],"curies":[{"name":"wp","href":"https:\/\/api.w.org\/{rel}","templated":true}]}}