{"id":11253,"date":"2025-03-04T08:44:39","date_gmt":"2025-03-04T13:44:39","guid":{"rendered":"https:\/\/alimentsamga.com\/?page_id=11253"},"modified":"2025-03-04T09:18:41","modified_gmt":"2025-03-04T14:18:41","slug":"application-wegotrade","status":"publish","type":"page","link":"https:\/\/alimentsamga.com\/fr\/application-wegotrade\/","title":{"rendered":"WeGoTrade pour les Enterprises"},"content":{"rendered":"<div class=\"wpb-content-wrapper\"><p>[vc_row][vc_column width=\u00a0\u00bb2\/3&Prime;][vc_column_text]Nous avons officiellement lanc\u00e9 notre plateforme en ligne et une application We Go Trade, o\u00f9 vous pouvez passer vos commandes vous-m\u00eame, directement depuis votre smartphone, tablette ou ordinateur.[\/vc_column_text][vc_column_text]Si vous \u00eates int\u00e9ress\u00e9 \u00e0 utiliser l&rsquo;application, <a href=\"https:\/\/docs.google.com\/forms\/d\/e\/1FAIpQLSeXTL_SoZwWR_Uuo6p_kSxTkonnTHOrMmj7PrswQcXb84qiVQ\/viewform?usp=header\" target=\"_blank\" rel=\"noopener\">cliquez ici pour nous faire savoir afin que nous puissions configurer votre compte pour vous<\/a>:<\/p>\n<p data-start=\"95\" data-end=\"225\"><strong data-start=\"95\" data-end=\"181\">Comment utiliser notre application We Go Trade, ou le site web <a href=\"http:\/\/customer.wego.trade\" target=\"_blank\" rel=\"noopener\">customer.wego.trade<\/a><\/strong> \u2013 C&rsquo;est rapide et simple, alors commen\u00e7ons.<\/p>\n<ol>\n<li data-start=\"227\" data-end=\"1692\">T\u00e9l\u00e9chargez l&rsquo;application We Go Trade depuis l&rsquo;App Store, ou vous pouvez aller sur le site web \u00e0 \u00a0<a href=\"http:\/\/customer.wego.trade\" target=\"_blank\" rel=\"noopener\" data-start=\"325\" data-end=\"374\">customer.wego.trade<\/a><\/li>\n<li data-start=\"227\" data-end=\"1692\">Connectez-vous avec les informations que nous avons d\u00e9j\u00e0 configur\u00e9es pour vous. Nous vous fournirons votre nom d&rsquo;utilisateur, votre adresse courriel et votre mot de passe.<\/li>\n<li data-start=\"227\" data-end=\"1692\">Une fois connect\u00e9, s\u00e9lectionnez <strong data-start=\"583\" data-end=\"591\">AMGA<\/strong> comme votre <strong data-start=\"604\" data-end=\"614\">VENDOR<\/strong>. Cela vous am\u00e8nera \u00e0 votre profil.<\/li>\n<li data-start=\"227\" data-end=\"1692\">Dans votre profil client, vous verrez tous les produits et prix disponibles pour vous.<\/li>\n<li data-start=\"227\" data-end=\"1692\">Maintenant, choisissez les quantit\u00e9s et les articles que vous souhaitez et ajoutez-les \u00e0 votre panier.<\/li>\n<li data-start=\"227\" data-end=\"1692\">Ensuite, vous devrez choisir votre date de livraison. Rappelez-vous simplement que l&rsquo;heure limite pour la livraison le lendemain est \u00e0 16h, et le dimanche pour la livraison du lundi \u00e0 18h. Assurez-vous donc de passer votre commande avant ces heures.<\/li>\n<li data-start=\"227\" data-end=\"1692\">Lorsque vous avez termin\u00e9, cliquez sur l&rsquo;ic\u00f4ne du panier pour revoir votre commande.<\/li>\n<li data-start=\"227\" data-end=\"1692\">Si vous avez des demandes sp\u00e9ciales, comme des quantit\u00e9s sp\u00e9cifiques, des tailles, des d\u00e9coupes, un emballage particulier, ou si vous avez besoin d&rsquo;un ramassage, vous devrez les ajouter dans la bo\u00eete \u00ab\u00a0Note de commande\u00a0\u00bb.<\/li>\n<li data-start=\"227\" data-end=\"1692\">N&rsquo;oubliez pas de remplir la case du num\u00e9ro de bon de commande \u2014 c&rsquo;est obligatoire. S&rsquo;il n&rsquo;y a pas de num\u00e9ro de bon de commande, mettez le nom de votre entreprise.<\/li>\n<li data-start=\"227\" data-end=\"1692\">Enfin, lorsque tout semble en ordre, cliquez simplement sur <strong data-start=\"1632\" data-end=\"1663\">\u201cTransmettre les commandes\u201d<\/strong> pour envoyer votre commande.<\/li>\n<\/ol>\n<p data-start=\"1694\" data-end=\"1887\"><strong data-start=\"1694\" data-end=\"1710\">Petit rappel<\/strong> : Vous n\u2019aurez acc\u00e8s qu\u2019\u00e0 votre profil client. Si vous avez besoin de nouveaux produits ou prix, il suffit de nous appeler et de parler \u00e0 l\u2019un de nos repr\u00e9sentants commerciaux.<\/p>\n<p data-start=\"1889\" data-end=\"1960\">Et voil\u00e0! Facile, n&rsquo;est-ce pas? Vous \u00eates pr\u00eat \u00e0 passer votre commande.<\/p>\n<h3 data-start=\"1962\" data-end=\"2051\"><a href=\"https:\/\/docs.google.com\/forms\/d\/e\/1FAIpQLSeXTL_SoZwWR_Uuo6p_kSxTkonnTHOrMmj7PrswQcXb84qiVQ\/viewform?usp=header\"><strong data-start=\"1962\" data-end=\"2004\">Vous voulez faire partie de WeGoTrade?<\/strong> Cliquez ici pour soumettre votre int\u00e9r\u00eat.<\/a><\/h3>\n<p>[\/vc_column_text][\/vc_column][vc_column width=\u00a0\u00bb1\/3&Prime;][vc_single_image source=\u00a0\u00bbexternal_link\u00a0\u00bb custom_src=\u00a0\u00bbhttps:\/\/alimentsamga.com\/wp-content\/uploads\/2025\/02\/BLACK-FRIDAY-news-5.jpg\u00a0\u00bb][\/vc_column][\/vc_row]<\/p>\n<\/div>","protected":false},"excerpt":{"rendered":"Nous avons officiellement lanc\u00e9 notre plateforme en ligne et une application We Go Trade, o\u00f9 vous pouvez passer vos commandes vous-m\u00eame, directement depuis votre smartphone, tablette ou ordinateur.Si vous \u00eates int\u00e9ress\u00e9 \u00e0 utiliser l&rsquo;application, cliquez ici pour nous faire savoir afin que nous puissions configurer votre compte pour vous: Comment utiliser notre application We ","protected":false},"author":440,"featured_media":0,"parent":0,"menu_order":0,"comment_status":"closed","ping_status":"closed","template":"","meta":{"content-type":"","footnotes":""},"class_list":["post-11253","page","type-page","status-publish","hentry"],"yoast_head":"<!-- This site is optimized with the Yoast SEO plugin v27.4 - https:\/\/yoast.com\/product\/yoast-seo-wordpress\/ -->\n<title>WeGoTrade pour les Enterprises - AMGA<\/title>\n<meta name=\"description\" content=\"D\u00e9couvrez la plateforme en ligne et l&#039; application We Go Trade pour passer vos commandes facilement depuis votre smartphone, tablette ou ordinateur.\" \/>\n<meta name=\"robots\" content=\"index, follow, max-snippet:-1, max-image-preview:large, max-video-preview:-1\" \/>\n<link rel=\"canonical\" href=\"https:\/\/alimentsamga.com\/fr\/application-wegotrade\/\" \/>\n<meta property=\"og:locale\" content=\"fr_FR\" \/>\n<meta property=\"og:type\" content=\"article\" \/>\n<meta property=\"og:title\" content=\"WeGoTrade pour les Enterprises - AMGA\" \/>\n<meta property=\"og:description\" content=\"D\u00e9couvrez la plateforme en ligne et l&#039; application We Go Trade pour passer vos commandes facilement depuis votre smartphone, tablette ou ordinateur.\" \/>\n<meta property=\"og:url\" content=\"https:\/\/alimentsamga.com\/fr\/application-wegotrade\/\" \/>\n<meta property=\"og:site_name\" content=\"AMGA\" \/>\n<meta property=\"article:modified_time\" content=\"2025-03-04T14:18:41+00:00\" \/>\n<meta name=\"twitter:card\" content=\"summary_large_image\" \/>\n<meta name=\"twitter:label1\" content=\"Dur\u00e9e de lecture estim\u00e9e\" \/>\n\t<meta name=\"twitter:data1\" content=\"2 minutes\" \/>\n<script type=\"application\/ld+json\" class=\"yoast-schema-graph\">{\"@context\":\"https:\\\/\\\/schema.org\",\"@graph\":[{\"@type\":\"WebPage\",\"@id\":\"https:\\\/\\\/alimentsamga.com\\\/fr\\\/application-wegotrade\\\/\",\"url\":\"https:\\\/\\\/alimentsamga.com\\\/fr\\\/application-wegotrade\\\/\",\"name\":\"WeGoTrade pour les Enterprises - AMGA\",\"isPartOf\":{\"@id\":\"https:\\\/\\\/alimentsamga.com\\\/fr\\\/#website\"},\"datePublished\":\"2025-03-04T13:44:39+00:00\",\"dateModified\":\"2025-03-04T14:18:41+00:00\",\"description\":\"D\u00e9couvrez la plateforme en ligne et l' application We Go Trade pour passer vos commandes facilement depuis votre smartphone, tablette ou ordinateur.\",\"breadcrumb\":{\"@id\":\"https:\\\/\\\/alimentsamga.com\\\/fr\\\/application-wegotrade\\\/#breadcrumb\"},\"inLanguage\":\"fr-FR\",\"potentialAction\":[{\"@type\":\"ReadAction\",\"target\":[\"https:\\\/\\\/alimentsamga.com\\\/fr\\\/application-wegotrade\\\/\"]}]},{\"@type\":\"BreadcrumbList\",\"@id\":\"https:\\\/\\\/alimentsamga.com\\\/fr\\\/application-wegotrade\\\/#breadcrumb\",\"itemListElement\":[{\"@type\":\"ListItem\",\"position\":1,\"name\":\"Home\",\"item\":\"https:\\\/\\\/alimentsamga.com\\\/fr\\\/\"},{\"@type\":\"ListItem\",\"position\":2,\"name\":\"WeGoTrade pour les Enterprises\"}]},{\"@type\":\"WebSite\",\"@id\":\"https:\\\/\\\/alimentsamga.com\\\/fr\\\/#website\",\"url\":\"https:\\\/\\\/alimentsamga.com\\\/fr\\\/\",\"name\":\"AMGA\",\"description\":\"Aliments Amga\",\"publisher\":{\"@id\":\"https:\\\/\\\/alimentsamga.com\\\/fr\\\/#organization\"},\"potentialAction\":[{\"@type\":\"SearchAction\",\"target\":{\"@type\":\"EntryPoint\",\"urlTemplate\":\"https:\\\/\\\/alimentsamga.com\\\/fr\\\/?s={search_term_string}\"},\"query-input\":{\"@type\":\"PropertyValueSpecification\",\"valueRequired\":true,\"valueName\":\"search_term_string\"}}],\"inLanguage\":\"fr-FR\"},{\"@type\":\"Organization\",\"@id\":\"https:\\\/\\\/alimentsamga.com\\\/fr\\\/#organization\",\"name\":\"AMGA\",\"url\":\"https:\\\/\\\/alimentsamga.com\\\/fr\\\/\",\"logo\":{\"@type\":\"ImageObject\",\"inLanguage\":\"fr-FR\",\"@id\":\"https:\\\/\\\/alimentsamga.com\\\/fr\\\/#\\\/schema\\\/logo\\\/image\\\/\",\"url\":\"https:\\\/\\\/alimentsamga.com\\\/wp-content\\\/uploads\\\/2020\\\/11\\\/amgachezvous-logo-blue-e1619460460184.png\",\"contentUrl\":\"https:\\\/\\\/alimentsamga.com\\\/wp-content\\\/uploads\\\/2020\\\/11\\\/amgachezvous-logo-blue-e1619460460184.png\",\"width\":131,\"height\":80,\"caption\":\"AMGA\"},\"image\":{\"@id\":\"https:\\\/\\\/alimentsamga.com\\\/fr\\\/#\\\/schema\\\/logo\\\/image\\\/\"},\"sameAs\":[\"https:\\\/\\\/www.instagram.com\\\/aliments.amga\\\/?hl=en\"]}]}<\/script>\n<!-- \/ Yoast SEO plugin. -->","yoast_head_json":{"title":"WeGoTrade pour les Enterprises - AMGA","description":"D\u00e9couvrez la plateforme en ligne et l' application We Go Trade pour passer vos commandes facilement depuis votre smartphone, tablette ou ordinateur.","robots":{"index":"index","follow":"follow","max-snippet":"max-snippet:-1","max-image-preview":"max-image-preview:large","max-video-preview":"max-video-preview:-1"},"canonical":"https:\/\/alimentsamga.com\/fr\/application-wegotrade\/","og_locale":"fr_FR","og_type":"article","og_title":"WeGoTrade pour les Enterprises - AMGA","og_description":"D\u00e9couvrez la plateforme en ligne et l' application We Go Trade pour passer vos commandes facilement depuis votre smartphone, tablette ou ordinateur.","og_url":"https:\/\/alimentsamga.com\/fr\/application-wegotrade\/","og_site_name":"AMGA","article_modified_time":"2025-03-04T14:18:41+00:00","twitter_card":"summary_large_image","twitter_misc":{"Dur\u00e9e de lecture estim\u00e9e":"2 minutes"},"schema":{"@context":"https:\/\/schema.org","@graph":[{"@type":"WebPage","@id":"https:\/\/alimentsamga.com\/fr\/application-wegotrade\/","url":"https:\/\/alimentsamga.com\/fr\/application-wegotrade\/","name":"WeGoTrade pour les Enterprises - AMGA","isPartOf":{"@id":"https:\/\/alimentsamga.com\/fr\/#website"},"datePublished":"2025-03-04T13:44:39+00:00","dateModified":"2025-03-04T14:18:41+00:00","description":"D\u00e9couvrez la plateforme en ligne et l' application We Go Trade pour passer vos commandes facilement depuis votre smartphone, tablette ou ordinateur.","breadcrumb":{"@id":"https:\/\/alimentsamga.com\/fr\/application-wegotrade\/#breadcrumb"},"inLanguage":"fr-FR","potentialAction":[{"@type":"ReadAction","target":["https:\/\/alimentsamga.com\/fr\/application-wegotrade\/"]}]},{"@type":"BreadcrumbList","@id":"https:\/\/alimentsamga.com\/fr\/application-wegotrade\/#breadcrumb","itemListElement":[{"@type":"ListItem","position":1,"name":"Home","item":"https:\/\/alimentsamga.com\/fr\/"},{"@type":"ListItem","position":2,"name":"WeGoTrade pour les Enterprises"}]},{"@type":"WebSite","@id":"https:\/\/alimentsamga.com\/fr\/#website","url":"https:\/\/alimentsamga.com\/fr\/","name":"AMGA","description":"Aliments Amga","publisher":{"@id":"https:\/\/alimentsamga.com\/fr\/#organization"},"potentialAction":[{"@type":"SearchAction","target":{"@type":"EntryPoint","urlTemplate":"https:\/\/alimentsamga.com\/fr\/?s={search_term_string}"},"query-input":{"@type":"PropertyValueSpecification","valueRequired":true,"valueName":"search_term_string"}}],"inLanguage":"fr-FR"},{"@type":"Organization","@id":"https:\/\/alimentsamga.com\/fr\/#organization","name":"AMGA","url":"https:\/\/alimentsamga.com\/fr\/","logo":{"@type":"ImageObject","inLanguage":"fr-FR","@id":"https:\/\/alimentsamga.com\/fr\/#\/schema\/logo\/image\/","url":"https:\/\/alimentsamga.com\/wp-content\/uploads\/2020\/11\/amgachezvous-logo-blue-e1619460460184.png","contentUrl":"https:\/\/alimentsamga.com\/wp-content\/uploads\/2020\/11\/amgachezvous-logo-blue-e1619460460184.png","width":131,"height":80,"caption":"AMGA"},"image":{"@id":"https:\/\/alimentsamga.com\/fr\/#\/schema\/logo\/image\/"},"sameAs":["https:\/\/www.instagram.com\/aliments.amga\/?hl=en"]}]}},"_links":{"self":[{"href":"https:\/\/alimentsamga.com\/fr\/wp-json\/wp\/v2\/pages\/11253","targetHints":{"allow":["GET"]}}],"collection":[{"href":"https:\/\/alimentsamga.com\/fr\/wp-json\/wp\/v2\/pages"}],"about":[{"href":"https:\/\/alimentsamga.com\/fr\/wp-json\/wp\/v2\/types\/page"}],"author":[{"embeddable":true,"href":"https:\/\/alimentsamga.com\/fr\/wp-json\/wp\/v2\/users\/440"}],"replies":[{"embeddable":true,"href":"https:\/\/alimentsamga.com\/fr\/wp-json\/wp\/v2\/comments?post=11253"}],"version-history":[{"count":5,"href":"https:\/\/alimentsamga.com\/fr\/wp-json\/wp\/v2\/pages\/11253\/revisions"}],"predecessor-version":[{"id":11266,"href":"https:\/\/alimentsamga.com\/fr\/wp-json\/wp\/v2\/pages\/11253\/revisions\/11266"}],"wp:attachment":[{"href":"https:\/\/alimentsamga.com\/fr\/wp-json\/wp\/v2\/media?parent=11253"}],"curies":[{"name":"wp","href":"https:\/\/api.w.org\/{rel}","templated":true}]}}